{"id":15568,"date":"2016-04-21T13:19:59","date_gmt":"2016-04-21T13:19:59","guid":{"rendered":"http:\/\/valigeriaserra.it\/?page_id=15568"},"modified":"2016-09-02T15:11:26","modified_gmt":"2016-09-02T15:11:26","slug":"calvin-klein","status":"publish","type":"page","link":"https:\/\/valigeriaserra.it\/index.php\/calvin-klein\/","title":{"rendered":"Calvin Klein"},"content":{"rendered":"<h2><strong>Calvin Klein<\/strong><\/h2>\n<h3><strong>Un ascensore nel Bronx<\/strong><\/h3>\n<p>[su_row][su_column size=&#8221;1\/3&#8243;]<img loading=\"lazy\" class=\"alignnone wp-image-15795\" src=\"http:\/\/valigeriaserra.it\/wp-content\/uploads\/2016\/04\/calvin-klein-stilista-serra.png\" alt=\"calvin-klein-stilista-serra\" width=\"400\" height=\"400\" srcset=\"https:\/\/valigeriaserra.it\/wp-content\/uploads\/2016\/04\/calvin-klein-stilista-serra.png 600w, https:\/\/valigeriaserra.it\/wp-content\/uploads\/2016\/04\/calvin-klein-stilista-serra-150x150.png 150w, https:\/\/valigeriaserra.it\/wp-content\/uploads\/2016\/04\/calvin-klein-stilista-serra-300x300.png 300w\" sizes=\"(max-width: 400px) 100vw, 400px\" \/>[\/su_column] [su_column size=&#8221;2\/3&#8243;]<\/p>\n<p>Un inizio davvero curioso per uno dei brand pi\u00f9 amati della storia: <strong>Calvin Klein<\/strong>, classe 1942 figlio di un droghiere del Bronx, all\u2019et\u00e0 di 26 anni decide di lasciare la comunit\u00e0 ebraica del Bronx per aprire, assieme all\u2019amico d\u2019infanzia Barry Schwartz, un negozio di cappotti. Il primo successo del neonato negozio, a quanto si narra, \u00e8 legato ad una casualit\u00e0: un buyer di un department store americano, scendendo dall\u2019ascensore al piano sbagliato, rimase colpito dalle creazioni del giovane, tanto da farne un ordine di quasi cinquantamila dollari. Chiss\u00e0 se \u00e8 andata veramente cos\u00ec, per\u00f2 ci piace credere a questa storia no?<\/p>\n<h3><strong>Calvin Klein: lo scandalo che piace<\/strong><\/h3>\n<p>Segno distintivo di <strong>Calvin Klein<\/strong> sono anche le campagne pubblicitarie, spesso criticate, ma che nel corso degli anni si sono rivelate una forte arma per il brand, tanto da diventare un trampolino di lancio per la carriera dei vari testimonial. Calvin Klein ha unito minimalismo e forte carica erotica. Le sue campagne pubblicitarie infatti sono state sempre molto os\u00e9, anche in epoche in cui ci si scandalizzava ben pi\u00f9 di oggi. Del \u201871 \u00e8 lo scandalo legato allo spot di un paio di jeans, interpretato da una bellissima Brooke Shields, che, maliziosa, diceva: \u00ab<em>Vuoi sapere cosa c\u2019\u00e8 tra me e i miei Calvin?&#8230; Niente<\/em>\u00bb.[\/su_column] [\/su_row]<\/p>\n<p><strong>Calvin Klein<\/strong> amava la provocazione e spesso le sue pubblicit\u00e0 provocavano le reazioni dei benpensanti americani che arrivavano ad accusarlo di utilizzare immagini troppo scandalose. Nonostante questo o forse proprio per questo <strong>Calvin Klein<\/strong> si \u00e8affermato come uno dei pi\u00f9 grandi stilisti di ogni tempo, e il suo brand \u00e8 uno dei dei capisaldi della moda, che ancora oggi detta legge. Nel 2003 <strong>Calvin Klein<\/strong> ha deciso di uscire di scena per dedicarsi alla famiglia, sottraendosi ai ritmi stressanti del fashion system, e tre stilisti di talento, oltre a tutto lo staff, stanno portando avanti con successo il lavoro da lui iniziato.<\/p>\n<hr \/>\n<h2><strong>La collezione del 2016<\/strong><\/h2>\n<p>[su_row][su_column size=&#8221;1\/3&#8243;]<img loading=\"lazy\" class=\"alignnone wp-image-15805\" src=\"http:\/\/valigeriaserra.it\/wp-content\/uploads\/2016\/04\/portafoglio-uomo-calvin-klein-300x300.png\" alt=\"portafoglio-uomo-calvin-klein\" width=\"400\" height=\"400\" srcset=\"https:\/\/valigeriaserra.it\/wp-content\/uploads\/2016\/04\/portafoglio-uomo-calvin-klein-300x300.png 300w, https:\/\/valigeriaserra.it\/wp-content\/uploads\/2016\/04\/portafoglio-uomo-calvin-klein-150x150.png 150w, https:\/\/valigeriaserra.it\/wp-content\/uploads\/2016\/04\/portafoglio-uomo-calvin-klein.png 600w\" sizes=\"(max-width: 400px) 100vw, 400px\" \/>[\/su_column] [su_column size=&#8221;2\/3&#8243;]<\/p>\n<p>&nbsp;<\/p>\n<p>La nuova collezione portafoglio uomo C<strong>alvin Klein 2016<\/strong> \u00e8 molto <strong>elegante e minimal<\/strong>, le rifiniture sono curate nei minimi dettagli: 5 slot per schede, tasca per banconote, tasca per le monete e naturalmente la placca con il logo in metallo che risalta sulla parte anteriore, design bi-fold classico. Per chi sceglie i modelli in pelle, risalta la prima qualit\u00e0 100% leather.<br \/>\nChi preferisce pu\u00f2 optare sui modelli in PVC ideali per i giovani ed i giovanissimi, modelli di tendenza con logo <strong>Calvin Klein<\/strong> in risalto su tutto il tessuto, dotati di vano portabanconote, portassegni, vani portadocumenti, vani portatessere, carte di credito e portatessere doppio estraibile.<br \/>\nNon dimentichiamo cinture leather 100% <strong>Calvin Klein<\/strong> per gli amanti della pelle e della cintura classica!<br \/> <strong>Calvin Klein<\/strong> propone anche l\u2019alternativa con la cintura uomo in cotone, perfetta per l\u2019estate per uno stile pi\u00f9 casual. Questi sono solo alcune delle proposte che trovate dalla <strong>Valigeria Serra a Bologna<\/strong>, la certezza di un acquisto originale 100%.[\/su_column] [\/su_row]<br \/>\n<a href=\"http:\/\/valigeriaserra.it\/index.php\/brands\/\"><img loading=\"lazy\" class=\"size-full wp-image-15691 alignright\" src=\"http:\/\/valigeriaserra.it\/wp-content\/uploads\/2016\/04\/vedi-gli-altri-brand-valigeria-serra.png\" alt=\"vedi-gli-altri-brand-valigeria-serra\" width=\"250\" height=\"68\" \/><\/a><\/p>\n","protected":false},"excerpt":{"rendered":"<p>Calvin Klein Un ascensore nel Bronx [su_row][su_column size=&#8221;1\/3&#8243;][\/su_column] [su_column size=&#8221;2\/3&#8243;] Un inizio davvero curioso per&#8230;<\/p>\n","protected":false},"author":1,"featured_media":15513,"parent":0,"menu_order":0,"comment_status":"closed","ping_status":"closed","template":"","meta":[],"_links":{"self":[{"href":"https:\/\/valigeriaserra.it\/index.php\/wp-json\/wp\/v2\/pages\/15568"}],"collection":[{"href":"https:\/\/valigeriaserra.it\/index.php\/wp-json\/wp\/v2\/pages"}],"about":[{"href":"https:\/\/valigeriaserra.it\/index.php\/wp-json\/wp\/v2\/types\/page"}],"author":[{"embeddable":true,"href":"https:\/\/valigeriaserra.it\/index.php\/wp-json\/wp\/v2\/users\/1"}],"replies":[{"embeddable":true,"href":"https:\/\/valigeriaserra.it\/index.php\/wp-json\/wp\/v2\/comments?post=15568"}],"version-history":[{"count":23,"href":"https:\/\/valigeriaserra.it\/index.php\/wp-json\/wp\/v2\/pages\/15568\/revisions"}],"predecessor-version":[{"id":16141,"href":"https:\/\/valigeriaserra.it\/index.php\/wp-json\/wp\/v2\/pages\/15568\/revisions\/16141"}],"wp:featuredmedia":[{"embeddable":true,"href":"https:\/\/valigeriaserra.it\/index.php\/wp-json\/wp\/v2\/media\/15513"}],"wp:attachment":[{"href":"https:\/\/valigeriaserra.it\/index.php\/wp-json\/wp\/v2\/media?parent=15568"}],"curies":[{"name":"wp","href":"https:\/\/api.w.org\/{rel}","templated":true}]}}