{"id":15572,"date":"2016-04-21T13:28:56","date_gmt":"2016-04-21T13:28:56","guid":{"rendered":"http:\/\/valigeriaserra.it\/?page_id=15572"},"modified":"2016-09-02T15:22:29","modified_gmt":"2016-09-02T15:22:29","slug":"gianni-chiarini","status":"publish","type":"page","link":"https:\/\/valigeriaserra.it\/index.php\/gianni-chiarini\/","title":{"rendered":"Chiarini: tutto quello che non sai di uno dei migliori brand di borse italiani"},"content":{"rendered":"<p><strong>\u00a0<\/strong><\/p>\n<h2><strong>Gianni Chiarini: <\/h2>\n<p><\/p>\n<h3>tutto quello che non sai di uno dei migliori brand di borse italiani<\/strong><\/h3>\n<p>[su_row][su_column size=&#8221;1\/3&#8243;]<img loading=\"lazy\" class=\"wp-image-15764 size-large aligncenter\" src=\"http:\/\/valigeriaserra.it\/wp-content\/uploads\/2016\/04\/chiarini-1024x632.png\" alt=\"gianni chiarini\" width=\"1024\" height=\"632\" srcset=\"https:\/\/valigeriaserra.it\/wp-content\/uploads\/2016\/04\/chiarini-1024x632.png 1024w, https:\/\/valigeriaserra.it\/wp-content\/uploads\/2016\/04\/chiarini-300x185.png 300w, https:\/\/valigeriaserra.it\/wp-content\/uploads\/2016\/04\/chiarini-768x474.png 768w, https:\/\/valigeriaserra.it\/wp-content\/uploads\/2016\/04\/chiarini.png 1297w\" sizes=\"(max-width: 1024px) 100vw, 1024px\" \/>[\/su_column] [su_column size=&#8221;2\/3&#8243;]<br \/>\n<strong>\u00a0<\/strong><br \/>\n<\/p>\n<h4><strong>Borse Gianni Chiarini pratiche e versatili. <\/strong><\/h4>\n<p><strong>Gianni Chiarini<\/strong> sulle borse sa il fatto suo: icone di stile, indicatori di personalit\u00e0 o semplicemente migliori amiche delle donne.<br \/>\nIl brand ha fatto della semplicit\u00e0 <strong>made in Italy<\/strong> il suo marchio di fabbrica.<\/p>\n<p>[\/su_column] [\/su_row]<\/p>\n<hr \/>\n<h3><strong>Gianni Chiarini alla conquista dell\u2019Asia<\/strong><\/h3>\n<p>[su_row][su_column size=&#8221;2\/3&#8243;]<\/p>\n<p>Per l\u2019imprenditore fiorentino la pelletteria \u00e8 un affare di famiglia.<br \/>\nIl padre Carlo, nei primi anni\u201990, si \u00e8 lanciato in questa nuova avventura creativa e imprenditoriale che faceva leva sulla vitalit\u00e0 di uno dei distretti conciari pi\u00f9 importanti del mondo, e sul modello, all\u2019epoca estremamente innovativo, del pronto moda all\u2019italiana.<strong>Gianni Chiarini<\/strong> sfrutta il ricco background ereditato dal padre ed esordisce a fine anni \u201990 con il brand che porta il suo nome, il suo stile, la sua visione creativa evoluta e personale che coniuga l\u2019arte con il business. Chiarini stabilisce la propria sede a Firenze ma grazie alle sue proposte fashion semplici e glamour affascina le donne europee e persino quelle asiatiche (le pi\u00f9 restie a farsi conquistare dalla moda).<\/p>\n<p>[\/su_column] [su_column size=&#8221;1\/3&#8243;]<img loading=\"lazy\" class=\"alignnone wp-image-15813\" src=\"http:\/\/valigeriaserra.it\/wp-content\/uploads\/2016\/04\/chiarini-serra-300x185.png\" alt=\"borse-chiarini\" width=\"400\" height=\"247\" srcset=\"https:\/\/valigeriaserra.it\/wp-content\/uploads\/2016\/04\/chiarini-serra-300x185.png 300w, https:\/\/valigeriaserra.it\/wp-content\/uploads\/2016\/04\/chiarini-serra.png 600w\" sizes=\"(max-width: 400px) 100vw, 400px\" \/>[\/su_column] [\/su_row]<\/p>\n<hr \/>\n<h3><strong>Gum: la linea in PVC<\/strong><\/h3>\n<p>[su_row][su_column size=&#8221;1\/3&#8243;] <img loading=\"lazy\" class=\"alignnone wp-image-15811\" src=\"http:\/\/valigeriaserra.it\/wp-content\/uploads\/2016\/04\/gum-300x300.png\" alt=\"gum gianni chiarini\" width=\"400\" height=\"400\" srcset=\"https:\/\/valigeriaserra.it\/wp-content\/uploads\/2016\/04\/gum-300x300.png 300w, https:\/\/valigeriaserra.it\/wp-content\/uploads\/2016\/04\/gum-150x150.png 150w, https:\/\/valigeriaserra.it\/wp-content\/uploads\/2016\/04\/gum.png 600w\" sizes=\"(max-width: 400px) 100vw, 400px\" \/>[\/su_column] [su_column size=&#8221;2\/3&#8243;]<\/p>\n<p>Uno dei must have per le appassionate di moda \u00e8 la borsa GUM, realizzata in PVC. Questa linea nasce dal desiderio di creare un nuovo concetto, nuove icone; qualcosa di mai visto prima.<br \/>\nSu questa scia, <strong>Gianni Chiarin<\/strong>i ha l\u2019idea di bilanciare borse iconiche dalla linea minimalista ed essenziale con stampe in linea con il trend del momento.<br \/>\nIn brevissimo tempo, questo mix esplosivo porta le borse GUM nelle vetrine di importantissime boutique e concept store internazionali.<br \/>\nUn materiale nato per altre merceologie viene trasformato in un accessorio riconoscibile e pieno di personalit\u00e0.<\/p>\n<h4><strong>3 motivi per cui amerai le borse GUM:<\/strong><\/h4>\n<p>\u2022 sono pratiche<br \/>\n\u2022 sono impermeabili<br \/>\n\u2022 sono facili da pulire<\/p>\n<p>[\/su_column] [\/su_row]<\/p>\n<hr \/>\n<h3><strong>Cover Bag: la borsa che si rif\u00e0 il look<\/strong><\/h3>\n<p>Per le donne pi\u00f9 classiche e sempre attente alle ultime tendenze, Chiarini ha realizzato la Cover Bag: una linea di borse che permette di scambiare le cover per assecondare ogni giorno il proprio umore. Ma non finisce qui, anche gli accessori possono essere cambiati per reinterpretarsi tutti i giorni.<br \/>\nDai materiali pregiati come camoscio e cavallino, oppure la pi\u00f9 pratica variante in nylon.<\/p>\n<h3><strong>Chiarini controtendenza: no al logo<\/strong><\/h3>\n<p>Una particolarit\u00e0 delle <strong>borse Chiarini<\/strong> che spicca subito all\u2019occhio \u00e8 l\u2019assenza del logo. Lo stilista, infatti, considera le donne libere di scegliere il proprio stile indipendentemente dal brand.<br \/>\nIn un mondo in cui \u00e8 il \u201cnome\u201d a dettare le regole dello stile da seguire, <strong>Gianni Chiarini<\/strong> decide di andare contro corrente.<\/p>\n<p><strong>La moda \u00e8 un modo di essere<\/strong>, non un omologazione, e con <strong>Gianni Chiarini<\/strong> la figura della donna viene esaltata alla massima potenza.<br \/>\n<a href=\"http:\/\/valigeriaserra.it\/index.php\/brands\/\"><img loading=\"lazy\" class=\"size-full wp-image-15691 alignright\" src=\"http:\/\/valigeriaserra.it\/wp-content\/uploads\/2016\/04\/vedi-gli-altri-brand-valigeria-serra.png\" alt=\"vedi-gli-altri-brand-valigeria-serra\" width=\"250\" height=\"68\" \/><\/a><\/p>\n","protected":false},"excerpt":{"rendered":"<p>\u00a0 Gianni Chiarini: tutto quello che non sai di uno dei migliori brand di borse&#8230;<\/p>\n","protected":false},"author":1,"featured_media":0,"parent":0,"menu_order":0,"comment_status":"closed","ping_status":"closed","template":"","meta":[],"_links":{"self":[{"href":"https:\/\/valigeriaserra.it\/index.php\/wp-json\/wp\/v2\/pages\/15572"}],"collection":[{"href":"https:\/\/valigeriaserra.it\/index.php\/wp-json\/wp\/v2\/pages"}],"about":[{"href":"https:\/\/valigeriaserra.it\/index.php\/wp-json\/wp\/v2\/types\/page"}],"author":[{"embeddable":true,"href":"https:\/\/valigeriaserra.it\/index.php\/wp-json\/wp\/v2\/users\/1"}],"replies":[{"embeddable":true,"href":"https:\/\/valigeriaserra.it\/index.php\/wp-json\/wp\/v2\/comments?post=15572"}],"version-history":[{"count":20,"href":"https:\/\/valigeriaserra.it\/index.php\/wp-json\/wp\/v2\/pages\/15572\/revisions"}],"predecessor-version":[{"id":16146,"href":"https:\/\/valigeriaserra.it\/index.php\/wp-json\/wp\/v2\/pages\/15572\/revisions\/16146"}],"wp:attachment":[{"href":"https:\/\/valigeriaserra.it\/index.php\/wp-json\/wp\/v2\/media?parent=15572"}],"curies":[{"name":"wp","href":"https:\/\/api.w.org\/{rel}","templated":true}]}}