{"id":15588,"date":"2016-04-21T14:06:50","date_gmt":"2016-04-21T14:06:50","guid":{"rendered":"http:\/\/valigeriaserra.it\/?page_id=15588"},"modified":"2016-05-18T11:15:29","modified_gmt":"2016-05-18T11:15:29","slug":"furla","status":"publish","type":"page","link":"https:\/\/valigeriaserra.it\/index.php\/furla\/","title":{"rendered":"Furla"},"content":{"rendered":"<h2><strong>Furla<\/strong><\/h2>\n<p>[su_row][su_column size=&#8221;1\/3&#8243;]<img loading=\"lazy\" class=\"alignleft wp-image-15828\" src=\"http:\/\/valigeriaserra.it\/wp-content\/uploads\/2016\/04\/furla-2-300x185.png\" alt=\"furla valigeria serra\" width=\"400\" height=\"247\" srcset=\"https:\/\/valigeriaserra.it\/wp-content\/uploads\/2016\/04\/furla-2-300x185.png 300w, https:\/\/valigeriaserra.it\/wp-content\/uploads\/2016\/04\/furla-2.png 600w\" sizes=\"(max-width: 400px) 100vw, 400px\" \/>[\/su_column] [su_column size=&#8221;2\/3&#8243;]<\/p>\n<p><strong>Le borse di Furla<\/strong> sono sempre sofisticate e di classe, dal design elegante.<br \/>\nDa <strong>Valigeria Serra a Bologna<\/strong> ogni donna trova la sua <strong>borsa Furla<\/strong>, quella che la rappresenta di pi\u00f9, da abbinare perch\u00e9 no al portafoglio.<\/p>\n<h2><strong>Dal nome di famiglia<\/strong><\/h2>\n<p>Furla <strong>nacque a Bologna<\/strong> nel 1927 dall\u2019idea di <strong>Aldo e Margherita Furlanetto<\/strong>, e dal loro cognome deriv\u00f2 il brand che oggi tutti amiamo.<\/p>\n<p>[\/su_column] [\/su_row]<\/p>\n<p>All\u2019inizio era una piccola azienda che commercializzava prodotti e accessori di moda, ma la vera \u00abesplosione\u00bb fu nel 1955 quando Aldo Furlanetto ebbe la grande intuizione di aprire un negozio <strong>nel cuore di Bologna<\/strong>, nella centrale <strong>Via Ugo Bassi<\/strong>, concentrandosi esclusivamente nella produzione di articoli in pelle. Se penisamo che oggi Furla ha negozi monomarca a Parigi e New York, fu davvero un\u2019intuizione non da poco :).<\/p>\n<p>&nbsp;<\/p>\n<h2><strong>La fondazione Furla a Bologna<\/strong><\/h2>\n<hr \/>\n<p>[su_row][su_column size=&#8221;1\/3&#8243;]<\/p>\n<h2><strong><img loading=\"lazy\" class=\"wp-image-15830 alignleft\" src=\"http:\/\/valigeriaserra.it\/wp-content\/uploads\/2016\/04\/furla-300x185.png\" alt=\"furla\" width=\"400\" height=\"247\" srcset=\"https:\/\/valigeriaserra.it\/wp-content\/uploads\/2016\/04\/furla-300x185.png 300w, https:\/\/valigeriaserra.it\/wp-content\/uploads\/2016\/04\/furla.png 600w\" sizes=\"(max-width: 400px) 100vw, 400px\" \/><\/strong><\/h2>\n<p>[\/su_column]<\/p>\n<p>[su_column size=&#8221;2\/3&#8243;]<\/p>\n<p>Nel 2008 per volont\u00e0 di Giovanna Furlanetto, attuale presidente della societ\u00e0 Furla, \u00e8 stata creata la &#8220;Fondazione Furla&#8221;, con sede a Bologna, con la missione di dare possibilit\u00e0 ai giovani talenti di crescere e affermarsi nei mestieri creativi, dall&#8217;arte alla moda.<br \/>\nE\u2019 stato istituito anche il <strong>Premio Furla<\/strong> per l\u2019arte grazie all\u2019incontro nel 2000 tra Giovanna Furlanetto e Chiara Bertola, responsabile per l\u2019arte contemporanea della Fondazione Querini Stampalia di Venezia. Mancava un premio per giovani artisti che aiutasse e sostenesse la visibilit\u00e0 e l\u2019internazionalizzazione dei giovani. Questo \u00e8 lo spirito con il quale \u00e8 nato <strong>Furla per l\u2019Arte<\/strong>. Sostenere l\u2019arte e la cultura nelle varie forme \u00e8 un arricchimento anche per un\u2019impresa, allarga i suoi orizzonti.[\/su_column] [\/su_row]<\/p>\n<p>&nbsp;<\/p>\n<h2><strong>I prodotti 2016<\/strong><\/h2>\n<hr \/>\n<p>[su_row][su_column size=&#8221;1\/3&#8243;]<\/p>\n<p>[\/su_column]<img loading=\"lazy\" class=\"wp-image-15831 alignleft\" src=\"http:\/\/valigeriaserra.it\/wp-content\/uploads\/2016\/04\/furla-serra-300x185.png\" alt=\"furla-serra\" width=\"400\" height=\"247\" srcset=\"https:\/\/valigeriaserra.it\/wp-content\/uploads\/2016\/04\/furla-serra-300x185.png 300w, https:\/\/valigeriaserra.it\/wp-content\/uploads\/2016\/04\/furla-serra.png 600w\" sizes=\"(max-width: 400px) 100vw, 400px\" \/><\/p>\n<p>[su_column size=&#8221;2\/3]<\/p>\n<p>Anche nel <strong>2016 <\/strong>la moda punta sul <strong>bauletto Furla<\/strong>, molto pratico grazie alla sua tasca esterna, ideale da portare con s\u00e8 per tutta la giornata. In vista della bella stagione, il brand ha realizzato il bauletto in tanti toni vivaci che ispirano un look colour block.<br \/>\nI nuovi arrivi sono davvero irresistibili da<strong> Valigeria Serra Bologna<\/strong>, borse dallo stile iconico e dalla silhouette legante, realizzate in pelle pregiata lavorata con tecniche artigianali tradizionali, caratterizzate da forme geometriche che ne sanciscono il carattere.[\/su_column] [\/su_row]<\/p>\n<p>Per le donne pratiche e fantasiose, Furla presenta <strong>borse e portafogli<\/strong> donna dalla forma versatile e molto accattivante, facile da abbinare ai look di tutti i giorni, in colori che spaziano dal bianco a nuance vivaci e colori freschi.<br \/>\nQuest\u2019anno torna di grande modo anche la sacca, che Furla presenta molto spaziosa e dedicata a tutte le donne che hanno bisogno di portare sempre tutto il necessario, dal design casual e raffinato, che rende <strong>la borsa perfetta per ogni occasione e per ogni stagione.<\/strong><br \/>\n<a href=\"http:\/\/valigeriaserra.it\/index.php\/brands\/\"><img loading=\"lazy\" class=\"size-full wp-image-15691 alignright\" src=\"http:\/\/valigeriaserra.it\/wp-content\/uploads\/2016\/04\/vedi-gli-altri-brand-valigeria-serra.png\" alt=\"vedi-gli-altri-brand-valigeria-serra\" width=\"250\" height=\"68\" \/><\/a><\/p>\n","protected":false},"excerpt":{"rendered":"<p>Furla [su_row][su_column size=&#8221;1\/3&#8243;][\/su_column] [su_column size=&#8221;2\/3&#8243;] Le borse di Furla sono sempre sofisticate e di classe,&#8230;<\/p>\n","protected":false},"author":1,"featured_media":0,"parent":0,"menu_order":0,"comment_status":"closed","ping_status":"closed","template":"","meta":[],"_links":{"self":[{"href":"https:\/\/valigeriaserra.it\/index.php\/wp-json\/wp\/v2\/pages\/15588"}],"collection":[{"href":"https:\/\/valigeriaserra.it\/index.php\/wp-json\/wp\/v2\/pages"}],"about":[{"href":"https:\/\/valigeriaserra.it\/index.php\/wp-json\/wp\/v2\/types\/page"}],"author":[{"embeddable":true,"href":"https:\/\/valigeriaserra.it\/index.php\/wp-json\/wp\/v2\/users\/1"}],"replies":[{"embeddable":true,"href":"https:\/\/valigeriaserra.it\/index.php\/wp-json\/wp\/v2\/comments?post=15588"}],"version-history":[{"count":13,"href":"https:\/\/valigeriaserra.it\/index.php\/wp-json\/wp\/v2\/pages\/15588\/revisions"}],"predecessor-version":[{"id":16046,"href":"https:\/\/valigeriaserra.it\/index.php\/wp-json\/wp\/v2\/pages\/15588\/revisions\/16046"}],"wp:attachment":[{"href":"https:\/\/valigeriaserra.it\/index.php\/wp-json\/wp\/v2\/media?parent=15588"}],"curies":[{"name":"wp","href":"https:\/\/api.w.org\/{rel}","templated":true}]}}