{"id":15596,"date":"2016-04-21T14:30:32","date_gmt":"2016-04-21T14:30:32","guid":{"rendered":"http:\/\/valigeriaserra.it\/?page_id=15596"},"modified":"2016-05-18T10:38:54","modified_gmt":"2016-05-18T10:38:54","slug":"le-pandorine","status":"publish","type":"page","link":"https:\/\/valigeriaserra.it\/index.php\/le-pandorine\/","title":{"rendered":"Le Pandorine"},"content":{"rendered":"<h2><strong>Le Pandorine<\/strong><\/br><br \/>\n<strong>Una frase che mi rappresenta<\/strong><\/h2>\n<p>[su_row][su_column size=&#8221;1\/3&#8243;]<img loading=\"lazy\" class=\"wp-image-15842 alignleft\" src=\"http:\/\/valigeriaserra.it\/wp-content\/uploads\/2016\/04\/le-pandorine-300x185.png\" alt=\"le pandorine\" width=\"400\" height=\"247\" srcset=\"https:\/\/valigeriaserra.it\/wp-content\/uploads\/2016\/04\/le-pandorine-300x185.png 300w, https:\/\/valigeriaserra.it\/wp-content\/uploads\/2016\/04\/le-pandorine.png 600w\" sizes=\"(max-width: 400px) 100vw, 400px\" \/><\/p>\n<p>[\/su_column] [su_column size=&#8221;2\/3&#8243;]<\/p>\n<p><strong>Le borse Le Pandorine<\/strong> si addicono a tutte le donne che hanno sempre qualcosa da dire. La borsa, insieme alle scarpe, \u00e8 l\u2019oggetto che ha pi\u00f9 implicazioni psicologiche per le donne di ogni et\u00e0: rappresenta la personalit\u00e0, l\u2019umore di ogni giornata, lo stile che la donna vuol dare alla propria quotidianit\u00e0. E tutto ci\u00f2 \u00e8 ben chiaro alle stiliste Chiara Felici, esperta di comunicazione, e Manuela Casella, appassionata di packaging, che hanno inventato questo brand scrivendo su ogni modello di borsa una frase, un aforisma, che fa sorridere e non si dimentica facilmente.<br \/>\n\u201c<em>\u00c8 la vita di tutti i giorni la primaria fonte di ispirazione: ogni dettaglio, ogni piccolo particolare pu\u00f2 diventare un soggetto della collezione. Dalle fiabe ai personaggi del jet set internazionale, dai vecchi proverbi della nonna alle passioni delle donne per gli accessori: messaggi, disegni e slogan che fanno parte del complesso e straordinario universo femminile, interpretato con ironia, amato con leggerezza e vissuto con il sorriso<\/em>\u201d.[\/su_column] [\/su_row]<\/p>\n<hr \/>\n<h3><strong>Le Pandorine: seguire le tendenze ma sapendosi distinguere<\/strong><\/h3>\n<p>[su_row][su_column size=&#8221;1\/3&#8243;]<img loading=\"lazy\" class=\"wp-image-15843 alignleft\" src=\"http:\/\/valigeriaserra.it\/wp-content\/uploads\/2016\/04\/pandorine-300x300.png\" alt=\"le pandorine\" width=\"400\" height=\"400\" srcset=\"https:\/\/valigeriaserra.it\/wp-content\/uploads\/2016\/04\/pandorine-300x300.png 300w, https:\/\/valigeriaserra.it\/wp-content\/uploads\/2016\/04\/pandorine-150x150.png 150w, https:\/\/valigeriaserra.it\/wp-content\/uploads\/2016\/04\/pandorine.png 600w\" sizes=\"(max-width: 400px) 100vw, 400px\" \/><\/p>\n<p>[\/su_column] [su_column size=&#8221;2\/3&#8243;]<\/p>\n<p>&nbsp;<\/p>\n<p><strong>Le Pandorine<\/strong> continuano a piacere cos\u00ec tanto anche perch\u00e9 sanno fare proprie le mode senza per\u00f2 conformarsi e diventare banali. Ogni tendenza viene reinterpretata e resa pi\u00f9 fresca unendola allo s<strong>tile caratteristico de Le Pandorine<\/strong>.<br \/>\n<strong>Qualche esempio?<\/strong><br \/>\nE\u2019 in voga la moda delle borse con le frange, ed ecco per te <strong>Le Pandorine Fringe Bag<\/strong>: shopping bag in ecopelle gommata con lunghissime frange.<br \/>\nL\u2019oroscopo appassiona e fa chiacchierare? Ecco <strong>il modello reversibile Oroscopo<\/strong>: shopping bag in ecopelle con doppi manici, completamente reversibile, in cui un lato \u00e8 monocromo con stampe in rilievo effetto metal, e l\u2019altro ha la caratteristica graficadel brand.[\/su_column] [\/su_row]<br \/>\n<a href=\"http:\/\/valigeriaserra.it\/index.php\/brands\/\"><img loading=\"lazy\" class=\"size-full wp-image-15691 alignright\" src=\"http:\/\/valigeriaserra.it\/wp-content\/uploads\/2016\/04\/vedi-gli-altri-brand-valigeria-serra.png\" alt=\"vedi-gli-altri-brand-valigeria-serra\" width=\"250\" height=\"68\" \/><\/a><\/p>\n","protected":false},"excerpt":{"rendered":"<p>Le Pandorine Una frase che mi rappresenta [su_row][su_column size=&#8221;1\/3&#8243;] [\/su_column] [su_column size=&#8221;2\/3&#8243;] Le borse Le&#8230;<\/p>\n","protected":false},"author":1,"featured_media":0,"parent":0,"menu_order":0,"comment_status":"closed","ping_status":"closed","template":"","meta":[],"_links":{"self":[{"href":"https:\/\/valigeriaserra.it\/index.php\/wp-json\/wp\/v2\/pages\/15596"}],"collection":[{"href":"https:\/\/valigeriaserra.it\/index.php\/wp-json\/wp\/v2\/pages"}],"about":[{"href":"https:\/\/valigeriaserra.it\/index.php\/wp-json\/wp\/v2\/types\/page"}],"author":[{"embeddable":true,"href":"https:\/\/valigeriaserra.it\/index.php\/wp-json\/wp\/v2\/users\/1"}],"replies":[{"embeddable":true,"href":"https:\/\/valigeriaserra.it\/index.php\/wp-json\/wp\/v2\/comments?post=15596"}],"version-history":[{"count":16,"href":"https:\/\/valigeriaserra.it\/index.php\/wp-json\/wp\/v2\/pages\/15596\/revisions"}],"predecessor-version":[{"id":16040,"href":"https:\/\/valigeriaserra.it\/index.php\/wp-json\/wp\/v2\/pages\/15596\/revisions\/16040"}],"wp:attachment":[{"href":"https:\/\/valigeriaserra.it\/index.php\/wp-json\/wp\/v2\/media?parent=15596"}],"curies":[{"name":"wp","href":"https:\/\/api.w.org\/{rel}","templated":true}]}}