{"id":15609,"date":"2016-04-21T14:53:04","date_gmt":"2016-04-21T14:53:04","guid":{"rendered":"http:\/\/valigeriaserra.it\/?page_id=15609"},"modified":"2016-05-19T12:48:33","modified_gmt":"2016-05-19T12:48:33","slug":"rimowa","status":"publish","type":"page","link":"https:\/\/valigeriaserra.it\/index.php\/rimowa\/","title":{"rendered":"Rimowa"},"content":{"rendered":"<p>[su_row][su_column size=&#8221;1\/3&#8243;]<br \/>\n<img loading=\"lazy\" class=\"wp-image-15919 size-full alignleft\" src=\"http:\/\/valigeriaserra.it\/wp-content\/uploads\/2016\/04\/romowa.png\" alt=\"romowa\" width=\"370\" height=\"600\" \/>[\/su_column] [su_column size=&#8221;2\/3&#8243;]<\/p>\n<h2><strong>Rimowa<\/strong><\/h2>\n<h3><strong>Rimowa la tedesca<\/strong><\/h3>\n<p><strong>L&#8217;azienda familiare Rimowa<\/strong> \u00e8 stata la <strong>prima casa costruttrice di valige al mondo<\/strong>: \u00e8 stata fondata a Colonia circa 115 anni fa. La prima valigia infatti viene prodotta nel 1898 nella fabbrica di Colonia. A quel tempo il nome dell\u2019azienda \u00e8 Kofferfabrik Paul Morszeck. All\u2019inizio del \u2018900 le valigie erano in realt\u00e0 dei bauli in legno, ma la fabbrica di Colonia stava gi\u00e0 imparando da altri settori per ideare un design sempre pi\u00f9 leggero. La serie in alluminio si ispira infatti alla struttura di un velivolo leggendario risalente all\u2019epoca dei primi viaggi aerei, e le prime valigie realizzate con alluminio per velivoli nacquero nel 1950, quando per la prima volta vide la luce il tipico design a righe. L\u2019idea \u00e8 vincente: il design che combina il minimo peso con la massima stabilit\u00e0 conquieta il jet set internazionale, <strong>le valigie di design Rimowa<\/strong> acquisiscono velocemente la qualifica di oggetti di cult.<br \/>\nTutt\u2019oggi la maggior parte delle fasi di lavoro per la produzione di ogni valigia vengono svolte manualmente, cos\u00ec da garantire gli altissimi <strong>standard di qualit\u00e0<\/strong> che Rimowa si \u00e8 prefissata, e gli obiettivi di lusso: diventare in tutto il mondo il bagaglio d&#8217;elezione per chi associa il viaggio ad aspettative speciali.<br \/>\n<strong>Il nome del brand RIMOWA \u00e8 derivato dal nome Richard Morszeck (Richard Morszeck Warenzeichen).<\/strong><br \/>\nTestata da T\u00dcV (agenzia d&#8217;ispezione tecnica)<br \/>\nNiente di meno c\u2019era da aspettarsi da una casa tedesca: la qualit\u00e0 di ogni valigia viene controllata dall&#8217;organizzazione di ispezione indipendente T\u00dcV Rheinland Product Safety GmbH. Il risultato: due sigilli di qualit\u00e0. I certificati sono vincolati a requisiti rigorosi e simboleggiano una sicurezza controllata e una qualit\u00e0 a lungo termine.[\/su_column] [\/su_row]<\/p>\n<h2><strong>Impermeabile, per registi e fotografi<\/strong><\/h2>\n<hr \/>\n<p>Nel 1976 una nuova idea innovativa del fondatore Morszeck segn\u00f2 la svolta di RIMOWA: nacquero infatti le prime valigette impermeabili che si rivelarono fondamentali per le troupe del cinema e della televisione, e per fotografi e reporters che grazie al sistema impermeabile di RIMOWA riescono a proteggere le loro apparecchiature dall\u2019acqua, il gran caldo, il gran freddo e tutte le condizioni meteo pi\u00f9 avverse.<\/p>\n<p><strong>Rimowa<\/strong>:<strong> materiale riciclabile e mai rovinato<\/strong> grazie ad aerei e sedei da ufficio<br \/>\nNel 2000 il successore Dieter Morszeck decise di utilizzare per la prima volta il materiale riciclabile policarbonato per la costruzione delle<strong> valigie Rimowa<\/strong>. Nuovamente l\u2019idea arriv\u00f2 dal mondo dell\u2019aeronaurtica: il policarbonato \u00e8 utilizzato ad esempio per i pannelli degli aereoplani e per la costruzione dei veicoli poich\u00e8 \u00e8 estremamente resistente e antiurto. Ecco perch\u00e9 nelle valigie del brand le ammaccature riacquistano da sole la forma originale. Inoltre con il policarbonato \u00e8 possibile ridurre considerevolmente il peso delle valigie, aspetto sempre pi\u00f9 importante per ogni viaggiatore.<br \/>\nDalla tecnologia invece delle sedie da ufficio arriva la funzionalit\u00e0 delle ruote, grazie alle quali anche le valigie pi\u00f9 pesanti possono essere rotate con grande facilit\u00e0 sui loro assi.<\/p>\n<h2><strong>Rimowa oggi<\/strong><\/h2>\n<hr \/>\n<p><strong>Rimowa oggi \u00e8 leader tra i produttori di valigeria in Europa<\/strong>. Oltre alla qualit\u00e0 di cui abbiamo detto, il sistema di dotazione interna che pu\u00f2 essere regolato in altezza in base al volume del contenuto del bagaglio per assicurare il massimo ordine in valigia, rende ogni Rimowa un prodotto a cui \u00e8 difficile rinunciare.<\/p>\n<p><a href=\"http:\/\/valigeriaserra.it\/index.php\/brands\/\"><img loading=\"lazy\" class=\"size-full wp-image-15691 alignright\" src=\"http:\/\/valigeriaserra.it\/wp-content\/uploads\/2016\/04\/vedi-gli-altri-brand-valigeria-serra.png\" alt=\"vedi-gli-altri-brand-valigeria-serra\" width=\"250\" height=\"68\" \/><\/a><\/p>\n","protected":false},"excerpt":{"rendered":"<p>[su_row][su_column size=&#8221;1\/3&#8243;] [\/su_column] [su_column size=&#8221;2\/3&#8243;] Rimowa Rimowa la tedesca L&#8217;azienda familiare Rimowa \u00e8 stata la&#8230;<\/p>\n","protected":false},"author":1,"featured_media":0,"parent":0,"menu_order":0,"comment_status":"closed","ping_status":"closed","template":"","meta":[],"_links":{"self":[{"href":"https:\/\/valigeriaserra.it\/index.php\/wp-json\/wp\/v2\/pages\/15609"}],"collection":[{"href":"https:\/\/valigeriaserra.it\/index.php\/wp-json\/wp\/v2\/pages"}],"about":[{"href":"https:\/\/valigeriaserra.it\/index.php\/wp-json\/wp\/v2\/types\/page"}],"author":[{"embeddable":true,"href":"https:\/\/valigeriaserra.it\/index.php\/wp-json\/wp\/v2\/users\/1"}],"replies":[{"embeddable":true,"href":"https:\/\/valigeriaserra.it\/index.php\/wp-json\/wp\/v2\/comments?post=15609"}],"version-history":[{"count":13,"href":"https:\/\/valigeriaserra.it\/index.php\/wp-json\/wp\/v2\/pages\/15609\/revisions"}],"predecessor-version":[{"id":16083,"href":"https:\/\/valigeriaserra.it\/index.php\/wp-json\/wp\/v2\/pages\/15609\/revisions\/16083"}],"wp:attachment":[{"href":"https:\/\/valigeriaserra.it\/index.php\/wp-json\/wp\/v2\/media?parent=15609"}],"curies":[{"name":"wp","href":"https:\/\/api.w.org\/{rel}","templated":true}]}}