{"id":15612,"date":"2016-04-21T15:04:54","date_gmt":"2016-04-21T15:04:54","guid":{"rendered":"http:\/\/valigeriaserra.it\/?page_id=15612"},"modified":"2016-05-19T13:34:24","modified_gmt":"2016-05-19T13:34:24","slug":"roncato","status":"publish","type":"page","link":"https:\/\/valigeriaserra.it\/index.php\/roncato\/","title":{"rendered":"Roncato"},"content":{"rendered":"<h2><strong>Roncato<\/strong><\/h2>\n<h3><strong>Roncato: la prima catena di montaggio che mantiene la qualit\u00e0<\/strong><\/h3>\n<p>[su_row][su_column size=&#8221;1\/3&#8243;]<\/p>\n<p><img loading=\"lazy\" class=\"alignnone wp-image-15927 size-full\" src=\"http:\/\/valigeriaserra.it\/wp-content\/uploads\/2016\/04\/roncato2.png\" alt=\"roncato\" width=\"600\" height=\"370\" srcset=\"https:\/\/valigeriaserra.it\/wp-content\/uploads\/2016\/04\/roncato2.png 600w, https:\/\/valigeriaserra.it\/wp-content\/uploads\/2016\/04\/roncato2-300x185.png 300w\" sizes=\"(max-width: 600px) 100vw, 600px\" \/>[\/su_column] [su_column size=&#8221;2\/3&#8243;]<\/p>\n<p>Il presidente dell\u2019azienda padovana <strong>Giovanni Roncato<\/strong> affianc\u00f2 nel lavoro sin da giovanissimo il padre Antonio, attivo nel settore della valigeria dagli anni \u201940. Correvano gli anni \u201960, e il boom economico in Italia era importante, soprattutto in quel nord est industrializzato dove nacque la Roncato spa.<\/p>\n<p>E\u2019 degli anni \u201970 la nascita della Valigeria Roncato Spa, che per prima in Europa nel settore utilizz\u00f2 la catena di montaggio nei processi di produzione, riuscendo a sveltire le fasi senza perdere qualit\u00e0. Questa innovazione, insieme alla continua ricerca, fece del brand il <strong>maggior produttore mondiale<\/strong> di valigie 24 ore.[\/su_column] [\/su_row]<\/p>\n<h2><strong>Un\u2019intuizione alla base di tutto<\/strong><\/h2>\n<p>Il brand ebbe subito il successo che oggi conosciamo grazie ad una profonda comprensione della societ\u00e0 e delle abitudini della gente, che cambiavano cos\u00ec velocemente negli anni del boom economico: in un mondo che andava sempre pi\u00f9 veloce, chi viaggiava iniziava ad avere bisogno di supporti seri ed affidabili per i propri spostamenti. Da questa intuizione il passo fu brevissimo per arrivare a produrre negli anni \u201990 le prime valigie rigide in polipropilene iniettato, tra cui Sphera, l\u2019unica valigia che si spinge con un dito. A questa seguiranno a ruota negli anni seguenti le collezioni che hanno portato il nome del brand nel mondo.<\/p>\n<h3><strong>Gli artigiani italiani di Roncato<\/strong><\/h3>\n<hr \/>\n<p>\u201c<em>Quella di rimanere in Italia \u00e8 una scelta in parte dettata dalla volont\u00e0 di preservare l&#8217;alta qualit\u00e0 dei nostri materiali e garantire l\u2019artigianalit\u00e0\u201d<\/em>. Queste le parole del Presidente della Roncato, che, anche in questi anni in cui proliferano le produzioni estere a basso costo e bassa qualit\u00e0, mantiene con orgoglio in Veneto la produzione, e ci regala <strong>delle valigie e delle borse sempre all\u2019altezza dei nostri viaggi<\/strong>.<\/p>\n<p><a href=\"http:\/\/valigeriaserra.it\/index.php\/brands\/\"><img loading=\"lazy\" class=\"size-full wp-image-15691 alignright\" src=\"http:\/\/valigeriaserra.it\/wp-content\/uploads\/2016\/04\/vedi-gli-altri-brand-valigeria-serra.png\" alt=\"vedi-gli-altri-brand-valigeria-serra\" width=\"250\" height=\"68\" \/><\/a><\/p>\n","protected":false},"excerpt":{"rendered":"<p>Roncato Roncato: la prima catena di montaggio che mantiene la qualit\u00e0 [su_row][su_column size=&#8221;1\/3&#8243;] [\/su_column] [su_column&#8230;<\/p>\n","protected":false},"author":1,"featured_media":0,"parent":0,"menu_order":0,"comment_status":"closed","ping_status":"closed","template":"","meta":[],"_links":{"self":[{"href":"https:\/\/valigeriaserra.it\/index.php\/wp-json\/wp\/v2\/pages\/15612"}],"collection":[{"href":"https:\/\/valigeriaserra.it\/index.php\/wp-json\/wp\/v2\/pages"}],"about":[{"href":"https:\/\/valigeriaserra.it\/index.php\/wp-json\/wp\/v2\/types\/page"}],"author":[{"embeddable":true,"href":"https:\/\/valigeriaserra.it\/index.php\/wp-json\/wp\/v2\/users\/1"}],"replies":[{"embeddable":true,"href":"https:\/\/valigeriaserra.it\/index.php\/wp-json\/wp\/v2\/comments?post=15612"}],"version-history":[{"count":12,"href":"https:\/\/valigeriaserra.it\/index.php\/wp-json\/wp\/v2\/pages\/15612\/revisions"}],"predecessor-version":[{"id":16092,"href":"https:\/\/valigeriaserra.it\/index.php\/wp-json\/wp\/v2\/pages\/15612\/revisions\/16092"}],"wp:attachment":[{"href":"https:\/\/valigeriaserra.it\/index.php\/wp-json\/wp\/v2\/media?parent=15612"}],"curies":[{"name":"wp","href":"https:\/\/api.w.org\/{rel}","templated":true}]}}